{"id":2671,"date":"2024-11-14T07:08:03","date_gmt":"2024-11-14T06:08:03","guid":{"rendered":"https:\/\/nraatelier.me\/o-nama\/"},"modified":"2026-01-29T00:18:31","modified_gmt":"2026-01-28T23:18:31","slug":"o-nama","status":"publish","type":"page","link":"https:\/\/nraatelier.me\/me\/o-nama\/","title":{"rendered":"O nama"},"content":{"rendered":"\t\t<div data-elementor-type=\"wp-page\" data-elementor-id=\"2671\" class=\"elementor elementor-2671 elementor-69\" data-elementor-post-type=\"page\">\n\t\t\t\t<div class=\"elementor-element elementor-element-832f4b7 e-con-full e-flex e-con e-parent\" data-id=\"832f4b7\" data-element_type=\"container\" data-settings=\"{&quot;background_background&quot;:&quot;classic&quot;,&quot;jet_parallax_layout_list&quot;:[]}\">\n\t\t\t\t<\/div>\n\t\t<div class=\"elementor-element elementor-element-7e73293 e-flex e-con-boxed e-con e-parent\" data-id=\"7e73293\" data-element_type=\"container\" data-settings=\"{&quot;jet_parallax_layout_list&quot;:[]}\">\n\t\t\t\t\t<div class=\"e-con-inner\">\n\t\t\t\t<div class=\"elementor-element elementor-element-8f156c4 elementor-widget elementor-widget-text-editor\" data-id=\"8f156c4\" data-element_type=\"widget\" data-widget_type=\"text-editor.default\">\n\t\t\t\t<div class=\"elementor-widget-container\">\n\t\t\t\t\t\t\t\t\t<p><span style=\"font-weight: 400;\">NRA Atelier je multidisciplinarni arhitektonski studio koji su osnovali Nikola Radovi\u0107 i Sonja Mili\u0107evi\u0107 2016. godine. Od samog po\u010detka, studio je posve\u0107en stvaranju iskustava koja spajaju umjetni\u010dku kreativnost sa funkcionalnim dizajnom. Kombinovanjem kreativnosti, tehni\u010dke stru\u010dnosti i istra\u017eiva\u010dkog pristupa, studio je stekao reputaciju kroz inovativna, promi\u0161ljena i izuzetna arhitektonska rje\u0161enja koja prevazilaze samu funkciju i ostavljaju dugotrajan uticaj.<\/span><\/p><p><span style=\"font-weight: 400;\">NRA je izgradio \u010dvrste temelje zasnovane na stvaranju arhitektonskog uticaja koji ostavlja trag. Li\u010dna vizija o uskla\u0111ivanju umjetnosti, kulture i funkcionalnosti prerasla je u jasno definisan skup vode\u0107ih principa. Ti principi su od individualnih perspektiva oblikovali zajedni\u010dku snagu, postaju\u0107i sr\u017e pristupa i filozofije studija koja se stalno razvija.<\/span><\/p><p><span style=\"font-weight: 400;\">Princip \u201eostavi svoj trag\u201c nalazi se u samom srcu NRA od osnivanja. On predstavlja misiju studija da stvara arhitekturu koja ostavlja trajan i smislen uticaj. Svakom projektu pristupamo sa stra\u0161\u0107u, te\u017ee\u0107i izvrsnosti uz dosljedno po\u0161tovanje etike i odr\u017eivosti. Jedan od takvih projekata je <em><strong>Lipovo Resort<\/strong><\/em>, gdje smo primijenili principe odr\u017eivog projektovanja kako bismo oblikovali prostore koji ne samo da zadovoljavaju prakti\u010dne potrebe, ve\u0107 podsti\u010du i duboku povezanost sa prirodom. Na\u0161i projekti su osmi\u0161ljeni da budu prepoznatljivi &#8211; da izazovu emociju i ostave upe\u010datljiv utisak.<\/span><\/p><p><span style=\"font-weight: 400;\">\u00a0Vjerujemo u blisku saradnju sa klijentima, kroz koju dolazimo da potpunog razumijevanja njihovih potreba i te\u017enji. Njeguju\u0107i takvo partnerstvo, \u010dinimo da arhitektura koju stvaramo nije samo inovativna, ve\u0107 i duboko povezana sa vizijom klijenta. Inspirisani \u201epunk stavom\u201c, zastupamo hrabar i nekonvencionalan pristup arhitekturi, tretiraju\u0107i je kao umjetnost koja ostaje dostupna, funkcionalna i pogodna za \u017eivot. U NRA, integritet je temelj na\u0161eg rada. Smjelim razmi\u0161ljanjem i dosljedno\u0161\u0107u na\u0161im osnovnim vrijednostima, obezbje\u0111ujemo da svaki projekat donese izuzetne i trajne rezultate.<\/span><\/p>\t\t\t\t\t\t\t\t<\/div>\n\t\t\t\t<\/div>\n\t\t\t\t\t<\/div>\n\t\t\t\t<\/div>\n\t\t<div class=\"elementor-element elementor-element-dcb1532 e-con-full e-flex e-con e-parent\" data-id=\"dcb1532\" data-element_type=\"container\" data-settings=\"{&quot;jet_parallax_layout_list&quot;:[]}\">\n\t\t\t\t<div class=\"elementor-element elementor-element-8131030 elementor-widget elementor-widget-image\" data-id=\"8131030\" data-element_type=\"widget\" data-widget_type=\"image.default\">\n\t\t\t\t<div class=\"elementor-widget-container\">\n\t\t\t\t\t\t\t\t\t\t\t\t\t\t\t<img fetchpriority=\"high\" decoding=\"async\" width=\"2560\" height=\"1707\" src=\"https:\/\/nraatelier.me\/wp-content\/uploads\/Studio-315-24-1-scaled.jpg\" class=\"attachment-full size-full wp-image-3365\" alt=\"\" \/>\t\t\t\t\t\t\t\t\t\t\t\t\t\t\t<\/div>\n\t\t\t\t<\/div>\n\t\t\t\t<\/div>\n\t\t<div class=\"elementor-element elementor-element-a4b907d e-con-full e-flex e-con e-parent\" data-id=\"a4b907d\" data-element_type=\"container\" data-settings=\"{&quot;jet_parallax_layout_list&quot;:[]}\">\n\t\t<div class=\"elementor-element elementor-element-3e9d42f e-con-full e-flex e-con e-child\" data-id=\"3e9d42f\" data-element_type=\"container\" data-settings=\"{&quot;jet_parallax_layout_list&quot;:[]}\">\n\t\t\t\t<div class=\"elementor-element elementor-element-a481bfe elementor-widget elementor-widget-text-editor\" data-id=\"a481bfe\" data-element_type=\"widget\" data-widget_type=\"text-editor.default\">\n\t\t\t\t<div class=\"elementor-widget-container\">\n\t\t\t\t\t\t\t\t\t<p><span style=\"font-weight: 400;\">NRA Atelier je kolektiv razli\u010ditih pojedinaca koji su ujedinjeni u zajedni\u010dkoj viziji o stvaranju promi\u0161ljene i uticajne arhitekture. Na\u0161 rad obuhvata razli\u010dite oblasti &#8211; od stambenih projekata poput <em><strong>\u201eOnia Exceptional Homes\u201c<\/strong><\/em>, gdje smo se posvetili spajanju komfora i funkcionalnosti, do javnih prostora poput <em><strong>\u201eSportske zone\u201c<\/strong><\/em> u Kola\u0161inu, koja odra\u017eava na\u0161u predanost stvaranju smislenih i dostupnih mjesta za zajednicu. Razmi\u0161ljanje izvan okvira mo\u017eda zvu\u010di kao \u201ekli\u0161e\u201c, ali savr\u0161eno opisuje na\u0161u filozofiju projektovanja. Posve\u0107eni smo stvaranju jednostavnih, a funkcionalnih prostora koji odgovaraju ljudskim potrebama i po\u0161tuju prirodno okru\u017eenje, radije nego oblikovanju ikoni\u010dnih gradskih obilje\u017eja. Na\u0161 cilj je da projektujemo prostore koji podsti\u010du radost i osje\u0107aj dobrobiti, spajaju\u0107i savremenu estetiku sa dubokim po\u0161tovanjem prema okolnom arhitektonskom naslije\u0111u. Na\u0161a posve\u0107enost odr\u017eivosti prevazilazi upotrebu ekolo\u0161kih materijala; u na\u0161e projekte inkorporiramo principe biofilnog dizajna kako bismo podstakli dublju povezanost sa prirodom, unaprijedili kvalitet \u017eivota ljudi i istovremeno umanjili negativan uticaj na \u017eivotnu sredinu.<\/span><\/p>\t\t\t\t\t\t\t\t<\/div>\n\t\t\t\t<\/div>\n\t\t\t\t<div class=\"elementor-element elementor-element-17dbebe elementor-widget elementor-widget-text-editor\" data-id=\"17dbebe\" data-element_type=\"widget\" data-widget_type=\"text-editor.default\">\n\t\t\t\t<div class=\"elementor-widget-container\">\n\t\t\t\t\t\t\t\t\t<p><span style=\"font-weight: 400;\">Na\u0161a vizija je da podstaknemo inovacije, kreiramo transformativna iskustva i gradimo dru\u0161tvo koje je \u017eivlje, ugodnije i odr\u017eivije. Svakim konceptualnim dizajnom nastojimo da oblikujemo jedinstveni identitet na\u0161eg studija &#8211; identitet koji odra\u017eava na\u0161e vrijednosti i aspiracije. Posve\u0107eni smo stvaranju prostora koji u sebi spajaju estetiku, funkcionalnost i transformativni potencijal. Na\u0161 rad je ukorijenjen u odr\u017eivosti, ne samo kroz smanjenje uticaja na \u017eivotnu sredinu, ve\u0107 i kroz dugoro\u010dnu radost i dobrobit koju donosi onima koji ga do\u017eive. Te\u017eimo da ostavimo arhitektonsko naslije\u0111e koje je prepoznatljivo u zajednici i traje generacijama.<\/span><\/p>\t\t\t\t\t\t\t\t<\/div>\n\t\t\t\t<\/div>\n\t\t\t\t<div class=\"elementor-element elementor-element-5205474 elementor-widget elementor-widget-heading\" data-id=\"5205474\" data-element_type=\"widget\" data-widget_type=\"heading.default\">\n\t\t\t\t<div class=\"elementor-widget-container\">\n\t\t\t\t\t<h1 class=\"elementor-heading-title elementor-size-default\">MI STVARAMO ISKUSTVA<\/h1>\t\t\t\t<\/div>\n\t\t\t\t<\/div>\n\t\t\t\t<div class=\"elementor-element elementor-element-7cc1107 elementor-widget elementor-widget-heading\" data-id=\"7cc1107\" data-element_type=\"widget\" data-widget_type=\"heading.default\">\n\t\t\t\t<div class=\"elementor-widget-container\">\n\t\t\t\t\t<h3 class=\"elementor-heading-title elementor-size-default\">Zakoni prirode se temelje na iskustvu.<\/h3>\t\t\t\t<\/div>\n\t\t\t\t<\/div>\n\t\t\t\t<div class=\"elementor-element elementor-element-4ba2460 elementor-widget elementor-widget-heading\" data-id=\"4ba2460\" data-element_type=\"widget\" data-widget_type=\"heading.default\">\n\t\t\t\t<div class=\"elementor-widget-container\">\n\t\t\t\t\t<h3 class=\"elementor-heading-title elementor-size-default\">Zakoni arhitekture su stvoreni da kreiraju iskustvo.<\/h3>\t\t\t\t<\/div>\n\t\t\t\t<\/div>\n\t\t\t\t<\/div>\n\t\t<div class=\"elementor-element elementor-element-43fdd54 e-con-full e-flex e-con e-child\" data-id=\"43fdd54\" data-element_type=\"container\" data-settings=\"{&quot;jet_parallax_layout_list&quot;:[]}\">\n\t\t\t\t<div class=\"elementor-element elementor-element-44c4d38 elementor-widget elementor-widget-image\" data-id=\"44c4d38\" data-element_type=\"widget\" data-widget_type=\"image.default\">\n\t\t\t\t<div class=\"elementor-widget-container\">\n\t\t\t\t\t\t\t\t\t\t\t\t\t\t\t<img decoding=\"async\" width=\"1707\" height=\"2560\" src=\"https:\/\/nraatelier.me\/wp-content\/uploads\/Studio-315-12-scaled.jpg\" class=\"attachment-large size-large wp-image-3363\" alt=\"\" \/>\t\t\t\t\t\t\t\t\t\t\t\t\t\t\t<\/div>\n\t\t\t\t<\/div>\n\t\t\t\t<\/div>\n\t\t\t\t<\/div>\n\t\t\t\t<\/div>\n\t\t","protected":false},"excerpt":{"rendered":"<p>NRA Atelier je multidisciplinarni arhitektonski studio koji su osnovali Nikola Radovi\u0107 i Sonja Mili\u0107evi\u0107 2016. godine. Od samog po\u010detka, studio je posve\u0107en stvaranju iskustava koja spajaju umjetni\u010dku kreativnost sa funkcionalnim dizajnom. Kombinovanjem kreativnosti, tehni\u010dke stru\u010dnosti i istra\u017eiva\u010dkog pristupa, studio je stekao reputaciju kroz inovativna, promi\u0161ljena i izuzetna arhitektonska rje\u0161enja koja prevazilaze samu funkciju i ostavljaju [&hellip;]<\/p>\n","protected":false},"author":1,"featured_media":0,"parent":0,"menu_order":0,"comment_status":"closed","ping_status":"closed","template":"","meta":{"_seopress_robots_primary_cat":"","_seopress_titles_title":"O nama | nraatelier.me","_seopress_titles_desc":"NRA Atelier je multidisciplinarni arhitektonski studio koji su osnovali Nikola Radovi\u0107 i Sonja Mili\u0107evi\u0107 2016. godine.","_seopress_robots_index":"","footnotes":""},"class_list":["post-2671","page","type-page","status-publish","hentry"],"_links":{"self":[{"href":"https:\/\/nraatelier.me\/me\/wp-json\/wp\/v2\/pages\/2671","targetHints":{"allow":["GET"]}}],"collection":[{"href":"https:\/\/nraatelier.me\/me\/wp-json\/wp\/v2\/pages"}],"about":[{"href":"https:\/\/nraatelier.me\/me\/wp-json\/wp\/v2\/types\/page"}],"author":[{"embeddable":true,"href":"https:\/\/nraatelier.me\/me\/wp-json\/wp\/v2\/users\/1"}],"replies":[{"embeddable":true,"href":"https:\/\/nraatelier.me\/me\/wp-json\/wp\/v2\/comments?post=2671"}],"version-history":[{"count":12,"href":"https:\/\/nraatelier.me\/me\/wp-json\/wp\/v2\/pages\/2671\/revisions"}],"predecessor-version":[{"id":3937,"href":"https:\/\/nraatelier.me\/me\/wp-json\/wp\/v2\/pages\/2671\/revisions\/3937"}],"wp:attachment":[{"href":"https:\/\/nraatelier.me\/me\/wp-json\/wp\/v2\/media?parent=2671"}],"curies":[{"name":"wp","href":"https:\/\/api.w.org\/{rel}","templated":true}]}}