{"id":2696,"date":"2024-11-14T07:08:51","date_gmt":"2024-11-14T06:08:51","guid":{"rendered":"https:\/\/nraatelier.me\/posao\/"},"modified":"2026-01-31T01:52:53","modified_gmt":"2026-01-31T00:52:53","slug":"posao","status":"publish","type":"page","link":"https:\/\/nraatelier.me\/me\/posao\/","title":{"rendered":"Posao"},"content":{"rendered":"\t\t<div data-elementor-type=\"wp-page\" data-elementor-id=\"2696\" class=\"elementor elementor-2696 elementor-78\" data-elementor-post-type=\"page\">\n\t\t\t\t<div class=\"elementor-element elementor-element-b275564 e-con-full e-flex e-con e-parent\" data-id=\"b275564\" data-element_type=\"container\" data-settings=\"{&quot;background_background&quot;:&quot;video&quot;,&quot;jet_parallax_layout_list&quot;:[],&quot;background_video_link&quot;:&quot;https:\\\/\\\/www.youtube.com\\\/watch?v=v4uQTa0ZTe4&quot;,&quot;background_play_on_mobile&quot;:&quot;yes&quot;,&quot;background_privacy_mode&quot;:&quot;yes&quot;,&quot;background_video_start&quot;:0,&quot;background_video_end&quot;:55}\">\n\t\t<div class=\"elementor-background-video-container\">\n\t\t\t\t\t\t\t<div class=\"elementor-background-video-embed\" role=\"presentation\"><\/div>\n\t\t\t\t\t\t<\/div>\t\t<div class=\"elementor-element elementor-element-6f75b21 elementor-widget elementor-widget-heading\" data-id=\"6f75b21\" data-element_type=\"widget\" data-widget_type=\"heading.default\">\n\t\t\t\t<div class=\"elementor-widget-container\">\n\t\t\t\t\t<h1 class=\"elementor-heading-title elementor-size-default\">\u017dELIMO STVARATI UMJETNOST KOJA PREVAZILAZI O\u010cEKIVANJA<\/h1>\t\t\t\t<\/div>\n\t\t\t\t<\/div>\n\t\t\t\t<\/div>\n\t\t<div class=\"elementor-element elementor-element-e32dd49 e-flex e-con-boxed e-con e-parent\" data-id=\"e32dd49\" data-element_type=\"container\" data-settings=\"{&quot;jet_parallax_layout_list&quot;:[]}\">\n\t\t\t\t\t<div class=\"e-con-inner\">\n\t\t\t\t<div class=\"elementor-element elementor-element-ce92040 elementor-widget elementor-widget-text-editor\" data-id=\"ce92040\" data-element_type=\"widget\" data-widget_type=\"text-editor.default\">\n\t\t\t\t<div class=\"elementor-widget-container\">\n\t\t\t\t\t\t\t\t\t<p>Tim NRA je \u017eiva slika na\u0161eg identiteta. Tra\u017eimo ljude koji dijele na\u0161e vrijednosti, ambicije i viziju budu\u0107nosti arhitekture. Od samih po\u010detaka posve\u0107eni smo stvaranju prostora koji oboga\u0107uju svakodnevni \u017eivot. Saradnju gradimo sa svima koji dijele ovu filozofiju &#8211; bilo da su klijenti, prijatelji, saradnici ili \u010dlanovi tima, a na\u0161a vizija ostaje dosljedna.  <\/p><p>Umjetnost je neizostavan dio na\u0161eg pristupa. Prihvatamo je u svim oblicima: vizuelne umjetnosti, muzika, knji\u017eevnost, film i drugi kreativni izrazi. Cijenimo svako pojedina\u010dno iskustvo u umjetnosti, jer ono doprinosi bogatijem razumijevanju i do\u017eivljaju prostora. \u010cak i kada veza sa umjetno\u0161\u0107u postoji samo kroz iskreno divljenje, to je dovoljno da se shvati na\u0161 pogled na svijet.  <\/p>\t\t\t\t\t\t\t\t<\/div>\n\t\t\t\t<\/div>\n\t\t\t\t\t<\/div>\n\t\t\t\t<\/div>\n\t\t<div class=\"elementor-element elementor-element-71bbd77 e-con-full e-flex e-con e-parent\" data-id=\"71bbd77\" data-element_type=\"container\" data-settings=\"{&quot;jet_parallax_layout_list&quot;:[]}\">\n\t\t\t\t<div class=\"elementor-element elementor-element-ed14b0c elementor-widget elementor-widget-image\" data-id=\"ed14b0c\" data-element_type=\"widget\" data-widget_type=\"image.default\">\n\t\t\t\t<div class=\"elementor-widget-container\">\n\t\t\t\t\t\t\t\t\t\t\t\t\t\t\t<img fetchpriority=\"high\" decoding=\"async\" width=\"1707\" height=\"2560\" src=\"https:\/\/nraatelier.me\/wp-content\/uploads\/Studio-315-22-scaled.jpg\" class=\"attachment-full size-full wp-image-3810\" alt=\"\" \/>\t\t\t\t\t\t\t\t\t\t\t\t\t\t\t<\/div>\n\t\t\t\t<\/div>\n\t\t\t\t<\/div>\n\t\t<div class=\"elementor-element elementor-element-c757983 e-flex e-con-boxed e-con e-parent\" data-id=\"c757983\" data-element_type=\"container\" data-settings=\"{&quot;jet_parallax_layout_list&quot;:[]}\">\n\t\t\t\t\t<div class=\"e-con-inner\">\n\t\t\t\t<div class=\"elementor-element elementor-element-d844a61 elementor-widget elementor-widget-text-editor\" data-id=\"d844a61\" data-element_type=\"widget\" data-widget_type=\"text-editor.default\">\n\t\t\t\t<div class=\"elementor-widget-container\">\n\t\t\t\t\t\t\t\t\t<p>Njegujemo savremeni pristup arhitekturi, spajaju\u0107i razli\u010dite elemente kako bismo stvorili prepoznatljive, funkcionalne i radosne prostore. Na\u0161 proces se zasniva na holisti\u010dkoj filozofiji dizajna: ako rje\u0161enje izgleda skladno, djeluje prirodno i funkcioni\u0161e kako treba &#8211; spremni smo da ga realizujemo. Svaki objekat posmatramo kao jedinstveno djelo, koje odra\u017eava zajedni\u010dku posve\u0107enost NRA stvaranju izuzetne arhitekture, uz po\u0161tovanje svih propisa, \u017eelja klijenata i konteksta prostora. <\/p><p>Klijente do\u017eivljavamo kao partnere. Saradnju gradimo sa ambicioznim pojedincima i kompanijama koje cijene kreativno tra\u017eenje, jer ono vodi ka vrhunskim rezultatima i ispunjavaju\u0107em iskustvu. Bilo da je rije\u010d o stambenim, poslovnim, ugostiteljskim ili rekreativnim projektima, svaki anga\u017eman za nas predstavlja priliku za u\u010denje i napredak. <\/p><p>Pridru\u017eivanjem na\u0161oj zajednici postajete dio dinami\u010dnog i inspirativnog okru\u017eenja, zajedno sa znati\u017eeljnim, hrabrim i talentovanim ljudima koji njeguju inovacije.<br>Znanje i iskustvo rado dijelimo, ali jednako u\u010dimo iz novih perspektiva, jer vjerujemo da je stalno usavr\u0161avanje klju\u010d napretka.<br>Bez obzira na nivo iskustva, svaki \u010dlan tima ima va\u017enu ulogu: razvijaju\u0107i sopstveni stil i usvajaju\u0107i inovativan pristup, zajedno oblikujemo arhitekturu koja prevazilazi o\u010dekivanja i oboga\u0107uje \u017eivot korisnika.<\/p>\t\t\t\t\t\t\t\t<\/div>\n\t\t\t\t<\/div>\n\t\t\t\t\t<\/div>\n\t\t\t\t<\/div>\n\t\t<div class=\"elementor-element elementor-element-7468f4c e-flex e-con-boxed e-con e-parent\" data-id=\"7468f4c\" data-element_type=\"container\" data-settings=\"{&quot;jet_parallax_layout_list&quot;:[]}\">\n\t\t\t\t\t<div class=\"e-con-inner\">\n\t\t\t\t<div class=\"elementor-element elementor-element-f7aa28c elementor-widget elementor-widget-heading\" data-id=\"f7aa28c\" data-element_type=\"widget\" data-widget_type=\"heading.default\">\n\t\t\t\t<div class=\"elementor-widget-container\">\n\t\t\t\t\t<h3 class=\"elementor-heading-title elementor-size-default\">Otvorene pozicije<\/h3>\t\t\t\t<\/div>\n\t\t\t\t<\/div>\n\t\t\t\t<div class=\"elementor-element elementor-element-08e2b20 elementor-widget elementor-widget-jet-listing-grid\" data-id=\"08e2b20\" data-element_type=\"widget\" data-settings=\"{&quot;columns&quot;:3,&quot;columns_tablet&quot;:&quot;2&quot;,&quot;columns_mobile&quot;:&quot;1&quot;}\" data-widget_type=\"jet-listing-grid.default\">\n\t\t\t\t<div class=\"elementor-widget-container\">\n\t\t\t\t\t<div class=\"jet-listing-grid jet-listing\"><div class=\"jet-listing-grid__items grid-col-desk-3 grid-col-tablet-2 grid-col-mobile-1 jet-listing-grid--2161\" data-queried-id=\"2696|WP_Post\" data-nav=\"{&quot;enabled&quot;:false,&quot;type&quot;:null,&quot;more_el&quot;:null,&quot;query&quot;:[],&quot;widget_settings&quot;:{&quot;lisitng_id&quot;:2161,&quot;posts_num&quot;:6,&quot;columns&quot;:3,&quot;columns_tablet&quot;:2,&quot;columns_mobile&quot;:1,&quot;is_archive_template&quot;:&quot;&quot;,&quot;post_status&quot;:[&quot;publish&quot;],&quot;use_random_posts_num&quot;:&quot;&quot;,&quot;max_posts_num&quot;:9,&quot;not_found_message&quot;:&quot;Nema rezultata pretrage.&quot;,&quot;is_masonry&quot;:false,&quot;equal_columns_height&quot;:&quot;&quot;,&quot;use_load_more&quot;:&quot;&quot;,&quot;load_more_id&quot;:&quot;&quot;,&quot;load_more_type&quot;:&quot;click&quot;,&quot;load_more_offset&quot;:{&quot;unit&quot;:&quot;px&quot;,&quot;size&quot;:0,&quot;sizes&quot;:[]},&quot;use_custom_post_types&quot;:&quot;&quot;,&quot;custom_post_types&quot;:[],&quot;hide_widget_if&quot;:&quot;&quot;,&quot;carousel_enabled&quot;:&quot;&quot;,&quot;slides_to_scroll&quot;:&quot;1&quot;,&quot;arrows&quot;:&quot;true&quot;,&quot;arrow_icon&quot;:&quot;fa fa-angle-left&quot;,&quot;dots&quot;:&quot;&quot;,&quot;autoplay&quot;:&quot;true&quot;,&quot;pause_on_hover&quot;:&quot;true&quot;,&quot;autoplay_speed&quot;:5000,&quot;infinite&quot;:&quot;true&quot;,&quot;center_mode&quot;:&quot;&quot;,&quot;effect&quot;:&quot;slide&quot;,&quot;speed&quot;:500,&quot;inject_alternative_items&quot;:&quot;&quot;,&quot;injection_items&quot;:[],&quot;scroll_slider_enabled&quot;:&quot;&quot;,&quot;scroll_slider_on&quot;:[&quot;desktop&quot;,&quot;tablet&quot;,&quot;mobile&quot;],&quot;custom_query&quot;:false,&quot;custom_query_id&quot;:&quot;&quot;,&quot;_element_id&quot;:&quot;&quot;}}\" data-page=\"1\" data-pages=\"1\" data-listing-source=\"posts\" data-listing-id=\"2161\" data-query-id=\"\"><div class=\"jet-listing-grid__item jet-listing-dynamic-post-2708\" data-post-id=\"2708\" ><div class=\"jet-engine-listing-overlay-wrap\" data-url=\"https:\/\/nraatelier.me\/me\/poslovi\/arhitekta-ica-srednji-nivo\/\">\t\t<div data-elementor-type=\"jet-listing-items\" data-elementor-id=\"2709\" class=\"elementor elementor-2709 elementor-2161\" data-elementor-post-type=\"jet-engine\">\n\t\t\t\t<div class=\"elementor-element elementor-element-8a21b14 e-con-full e-flex e-con e-parent\" data-id=\"8a21b14\" data-element_type=\"container\" data-settings=\"{&quot;jet_parallax_layout_list&quot;:[]}\">\n\t\t\t\t<div class=\"elementor-element elementor-element-9345382 elementor-widget elementor-widget-jet-listing-dynamic-field\" data-id=\"9345382\" data-element_type=\"widget\" data-widget_type=\"jet-listing-dynamic-field.default\">\n\t\t\t\t<div class=\"elementor-widget-container\">\n\t\t\t\t\t<div class=\"jet-listing jet-listing-dynamic-field display-inline\"><div class=\"jet-listing-dynamic-field__inline-wrap\"><div class=\"jet-listing-dynamic-field__content\">Arhitekta\/-ica (srednji nivo)<\/div><\/div><\/div>\t\t\t\t<\/div>\n\t\t\t\t<\/div>\n\t\t<div class=\"elementor-element elementor-element-68a3163 e-flex e-con-boxed e-con e-child\" data-id=\"68a3163\" data-element_type=\"container\" data-settings=\"{&quot;jet_parallax_layout_list&quot;:[]}\">\n\t\t\t\t\t<div class=\"e-con-inner\">\n\t\t\t\t<div class=\"elementor-element elementor-element-56321d5 elementor-widget elementor-widget-heading\" data-id=\"56321d5\" data-element_type=\"widget\" data-widget_type=\"heading.default\">\n\t\t\t\t<div class=\"elementor-widget-container\">\n\t\t\t\t\t<div class=\"elementor-heading-title elementor-size-default\">Radni model:<\/div>\t\t\t\t<\/div>\n\t\t\t\t<\/div>\n\t\t\t\t<div class=\"elementor-element elementor-element-bf57e17 elementor-widget elementor-widget-jet-listing-dynamic-field\" data-id=\"bf57e17\" data-element_type=\"widget\" data-widget_type=\"jet-listing-dynamic-field.default\">\n\t\t\t\t<div class=\"elementor-widget-container\">\n\t\t\t\t\t<div class=\"jet-listing jet-listing-dynamic-field display-inline\"><div class=\"jet-listing-dynamic-field__inline-wrap\"><div class=\"jet-listing-dynamic-field__content\">Fiksno<\/div><\/div><\/div>\t\t\t\t<\/div>\n\t\t\t\t<\/div>\n\t\t\t\t\t<\/div>\n\t\t\t\t<\/div>\n\t\t<div class=\"elementor-element elementor-element-2291b55 e-flex e-con-boxed e-con e-child\" data-id=\"2291b55\" data-element_type=\"container\" data-settings=\"{&quot;jet_parallax_layout_list&quot;:[]}\">\n\t\t\t\t\t<div class=\"e-con-inner\">\n\t\t\t\t<div class=\"elementor-element elementor-element-2d2e4c9 elementor-widget elementor-widget-heading\" data-id=\"2d2e4c9\" data-element_type=\"widget\" data-widget_type=\"heading.default\">\n\t\t\t\t<div class=\"elementor-widget-container\">\n\t\t\t\t\t<div class=\"elementor-heading-title elementor-size-default\">Lokacija:<\/div>\t\t\t\t<\/div>\n\t\t\t\t<\/div>\n\t\t\t\t<div class=\"elementor-element elementor-element-7fae7c8 elementor-widget elementor-widget-jet-listing-dynamic-field\" data-id=\"7fae7c8\" data-element_type=\"widget\" data-widget_type=\"jet-listing-dynamic-field.default\">\n\t\t\t\t<div class=\"elementor-widget-container\">\n\t\t\t\t\t<div class=\"jet-listing jet-listing-dynamic-field display-inline\"><div class=\"jet-listing-dynamic-field__inline-wrap\"><div class=\"jet-listing-dynamic-field__content\">Kancelarija u Podgorici<\/div><\/div><\/div>\t\t\t\t<\/div>\n\t\t\t\t<\/div>\n\t\t\t\t\t<\/div>\n\t\t\t\t<\/div>\n\t\t\t\t<div class=\"elementor-element elementor-element-8505bc6 elementor-widget elementor-widget-button\" data-id=\"8505bc6\" data-element_type=\"widget\" data-widget_type=\"button.default\">\n\t\t\t\t<div class=\"elementor-widget-container\">\n\t\t\t\t\t\t\t\t\t<div class=\"elementor-button-wrapper\">\n\t\t\t\t\t<a class=\"elementor-button elementor-button-link elementor-size-sm\" href=\"https:\/\/nraatelier.me\/me\/poslovi\/arhitekta-ica-srednji-nivo\/\">\n\t\t\t\t\t\t<span class=\"elementor-button-content-wrapper\">\n\t\t\t\t\t\t\t\t\t<span class=\"elementor-button-text\">Pro\u010ditajte vi\u0161e<\/span>\n\t\t\t\t\t<\/span>\n\t\t\t\t\t<\/a>\n\t\t\t\t<\/div>\n\t\t\t\t\t\t\t\t<\/div>\n\t\t\t\t<\/div>\n\t\t\t\t<\/div>\n\t\t\t\t<\/div>\n\t\t<a href=\"https:\/\/nraatelier.me\/me\/poslovi\/arhitekta-ica-srednji-nivo\/\" class=\"jet-engine-listing-overlay-link\"><\/a><\/div><\/div><div class=\"jet-listing-grid__item jet-listing-dynamic-post-2711\" data-post-id=\"2711\" ><div class=\"jet-engine-listing-overlay-wrap\" data-url=\"https:\/\/nraatelier.me\/me\/poslovi\/senior-arhitekta-ica\/\">\t\t<div data-elementor-type=\"jet-listing-items\" data-elementor-id=\"2709\" class=\"elementor elementor-2709 elementor-2161\" data-elementor-post-type=\"jet-engine\">\n\t\t\t\t<div class=\"elementor-element elementor-element-8a21b14 e-con-full e-flex e-con e-parent\" data-id=\"8a21b14\" data-element_type=\"container\" data-settings=\"{&quot;jet_parallax_layout_list&quot;:[]}\">\n\t\t\t\t<div class=\"elementor-element elementor-element-9345382 elementor-widget elementor-widget-jet-listing-dynamic-field\" data-id=\"9345382\" data-element_type=\"widget\" data-widget_type=\"jet-listing-dynamic-field.default\">\n\t\t\t\t<div class=\"elementor-widget-container\">\n\t\t\t\t\t<div class=\"jet-listing jet-listing-dynamic-field display-inline\"><div class=\"jet-listing-dynamic-field__inline-wrap\"><div class=\"jet-listing-dynamic-field__content\">Senior Arhitekta\/-ica<\/div><\/div><\/div>\t\t\t\t<\/div>\n\t\t\t\t<\/div>\n\t\t<div class=\"elementor-element elementor-element-68a3163 e-flex e-con-boxed e-con e-child\" data-id=\"68a3163\" data-element_type=\"container\" data-settings=\"{&quot;jet_parallax_layout_list&quot;:[]}\">\n\t\t\t\t\t<div class=\"e-con-inner\">\n\t\t\t\t<div class=\"elementor-element elementor-element-56321d5 elementor-widget elementor-widget-heading\" data-id=\"56321d5\" data-element_type=\"widget\" data-widget_type=\"heading.default\">\n\t\t\t\t<div class=\"elementor-widget-container\">\n\t\t\t\t\t<div class=\"elementor-heading-title elementor-size-default\">Radni model:<\/div>\t\t\t\t<\/div>\n\t\t\t\t<\/div>\n\t\t\t\t<div class=\"elementor-element elementor-element-bf57e17 elementor-widget elementor-widget-jet-listing-dynamic-field\" data-id=\"bf57e17\" data-element_type=\"widget\" data-widget_type=\"jet-listing-dynamic-field.default\">\n\t\t\t\t<div class=\"elementor-widget-container\">\n\t\t\t\t\t<div class=\"jet-listing jet-listing-dynamic-field display-inline\"><div class=\"jet-listing-dynamic-field__inline-wrap\"><div class=\"jet-listing-dynamic-field__content\">Fiksno<\/div><\/div><\/div>\t\t\t\t<\/div>\n\t\t\t\t<\/div>\n\t\t\t\t\t<\/div>\n\t\t\t\t<\/div>\n\t\t<div class=\"elementor-element elementor-element-2291b55 e-flex e-con-boxed e-con e-child\" data-id=\"2291b55\" data-element_type=\"container\" data-settings=\"{&quot;jet_parallax_layout_list&quot;:[]}\">\n\t\t\t\t\t<div class=\"e-con-inner\">\n\t\t\t\t<div class=\"elementor-element elementor-element-2d2e4c9 elementor-widget elementor-widget-heading\" data-id=\"2d2e4c9\" data-element_type=\"widget\" data-widget_type=\"heading.default\">\n\t\t\t\t<div class=\"elementor-widget-container\">\n\t\t\t\t\t<div class=\"elementor-heading-title elementor-size-default\">Lokacija:<\/div>\t\t\t\t<\/div>\n\t\t\t\t<\/div>\n\t\t\t\t<div class=\"elementor-element elementor-element-7fae7c8 elementor-widget elementor-widget-jet-listing-dynamic-field\" data-id=\"7fae7c8\" data-element_type=\"widget\" data-widget_type=\"jet-listing-dynamic-field.default\">\n\t\t\t\t<div class=\"elementor-widget-container\">\n\t\t\t\t\t<div class=\"jet-listing jet-listing-dynamic-field display-inline\"><div class=\"jet-listing-dynamic-field__inline-wrap\"><div class=\"jet-listing-dynamic-field__content\">Kancelarija u Podgorici<\/div><\/div><\/div>\t\t\t\t<\/div>\n\t\t\t\t<\/div>\n\t\t\t\t\t<\/div>\n\t\t\t\t<\/div>\n\t\t\t\t<div class=\"elementor-element elementor-element-8505bc6 elementor-widget elementor-widget-button\" data-id=\"8505bc6\" data-element_type=\"widget\" data-widget_type=\"button.default\">\n\t\t\t\t<div class=\"elementor-widget-container\">\n\t\t\t\t\t\t\t\t\t<div class=\"elementor-button-wrapper\">\n\t\t\t\t\t<a class=\"elementor-button elementor-button-link elementor-size-sm\" href=\"https:\/\/nraatelier.me\/me\/poslovi\/senior-arhitekta-ica\/\">\n\t\t\t\t\t\t<span class=\"elementor-button-content-wrapper\">\n\t\t\t\t\t\t\t\t\t<span class=\"elementor-button-text\">Pro\u010ditajte vi\u0161e<\/span>\n\t\t\t\t\t<\/span>\n\t\t\t\t\t<\/a>\n\t\t\t\t<\/div>\n\t\t\t\t\t\t\t\t<\/div>\n\t\t\t\t<\/div>\n\t\t\t\t<\/div>\n\t\t\t\t<\/div>\n\t\t<a href=\"https:\/\/nraatelier.me\/me\/poslovi\/senior-arhitekta-ica\/\" class=\"jet-engine-listing-overlay-link\"><\/a><\/div><\/div><\/div><\/div>\t\t\t\t<\/div>\n\t\t\t\t<\/div>\n\t\t\t\t\t<\/div>\n\t\t\t\t<\/div>\n\t\t\t\t<\/div>\n\t\t","protected":false},"excerpt":{"rendered":"<p>\u017dELIMO STVARATI UMJETNOST KOJA PREVAZILAZI O\u010cEKIVANJA Tim NRA je \u017eiva slika na\u0161eg identiteta. Tra\u017eimo ljude koji dijele na\u0161e vrijednosti, ambicije i viziju budu\u0107nosti arhitekture. Od samih po\u010detaka posve\u0107eni smo stvaranju prostora koji oboga\u0107uju svakodnevni \u017eivot. Saradnju gradimo sa svima koji dijele ovu filozofiju &#8211; bilo da su klijenti, prijatelji, saradnici ili \u010dlanovi tima, a na\u0161a [&hellip;]<\/p>\n","protected":false},"author":1,"featured_media":0,"parent":0,"menu_order":0,"comment_status":"closed","ping_status":"closed","template":"","meta":{"_seopress_robots_primary_cat":"","_seopress_titles_title":"","_seopress_titles_desc":"Stalno smo u potrazi za pojedincima koji dijele na\u0161e vrijednosti, te\u017enje i viziju o budu\u0107nosti arhitekture.","_seopress_robots_index":"","footnotes":""},"class_list":["post-2696","page","type-page","status-publish","hentry"],"_links":{"self":[{"href":"https:\/\/nraatelier.me\/me\/wp-json\/wp\/v2\/pages\/2696","targetHints":{"allow":["GET"]}}],"collection":[{"href":"https:\/\/nraatelier.me\/me\/wp-json\/wp\/v2\/pages"}],"about":[{"href":"https:\/\/nraatelier.me\/me\/wp-json\/wp\/v2\/types\/page"}],"author":[{"embeddable":true,"href":"https:\/\/nraatelier.me\/me\/wp-json\/wp\/v2\/users\/1"}],"replies":[{"embeddable":true,"href":"https:\/\/nraatelier.me\/me\/wp-json\/wp\/v2\/comments?post=2696"}],"version-history":[{"count":17,"href":"https:\/\/nraatelier.me\/me\/wp-json\/wp\/v2\/pages\/2696\/revisions"}],"predecessor-version":[{"id":4007,"href":"https:\/\/nraatelier.me\/me\/wp-json\/wp\/v2\/pages\/2696\/revisions\/4007"}],"wp:attachment":[{"href":"https:\/\/nraatelier.me\/me\/wp-json\/wp\/v2\/media?parent=2696"}],"curies":[{"name":"wp","href":"https:\/\/api.w.org\/{rel}","templated":true}]}}